{"id":1029,"date":"2021-09-17T10:48:22","date_gmt":"2021-09-17T10:48:22","guid":{"rendered":"https:\/\/milldev.getonnet.dev\/?page_id=1029"},"modified":"2022-02-09T09:46:39","modified_gmt":"2022-02-09T09:46:39","slug":"cookie-policy","status":"publish","type":"page","link":"https:\/\/millnorway.lt\/en\/cookie-policy\/","title":{"rendered":"Cookie Policy"},"content":{"rendered":"\t\t<div data-elementor-type=\"wp-page\" data-elementor-id=\"1029\" class=\"elementor elementor-1029\" data-elementor-post-type=\"page\">\n\t\t\t\t\t\t<section class=\"elementor-section elementor-top-section elementor-element elementor-element-7b13468 mill-policy elementor-section-boxed elementor-section-height-default elementor-section-height-default\" data-id=\"7b13468\" data-element_type=\"section\" data-e-type=\"section\">\n\t\t\t\t\t\t<div class=\"elementor-container elementor-column-gap-default\">\n\t\t\t\t\t<div class=\"elementor-column elementor-col-100 elementor-top-column elementor-element elementor-element-bedf226\" data-id=\"bedf226\" data-element_type=\"column\" data-e-type=\"column\">\n\t\t\t<div class=\"elementor-widget-wrap elementor-element-populated\">\n\t\t\t\t\t\t<div class=\"elementor-element elementor-element-226fa1c elementor-widget elementor-widget-heading\" data-id=\"226fa1c\" data-element_type=\"widget\" data-e-type=\"widget\" data-widget_type=\"heading.default\">\n\t\t\t\t<div class=\"elementor-widget-container\">\n\t\t\t\t\t<h1 class=\"elementor-heading-title elementor-size-default\">Cookie Policy<\/h1>\t\t\t\t<\/div>\n\t\t\t\t<\/div>\n\t\t\t\t<div class=\"elementor-element elementor-element-3d87426 elementor-widget elementor-widget-text-editor\" data-id=\"3d87426\" data-element_type=\"widget\" data-e-type=\"widget\" data-widget_type=\"text-editor.default\">\n\t\t\t\t<div class=\"elementor-widget-container\">\n\t\t\t\t\t\t\t\t\t<h2>HOMEPAGE OWNER AND CONTACT INFORMATION<\/h2><p class=\"\">Mill International AS<br \/>Grini N\u00e6ringspark 10<br \/>1361 \u00d8ster\u00e5s, Norway<br \/>Phone: +47 22 13 32 00<br \/>E-mail: post@millnorway.lt<\/p><h2>WHAT IS COOKIES?<\/h2><p class=\"\">Cookies are small text files that can be used by websites to make the user experience more efficient. The law says that we can store cookies on the device if it is strictly necessary for the operation of this area. For all other types of cookies we need your permission.<\/p><h2>WHY DO WE GATHER THIS INFORMATION?<\/h2><p class=\"\">We use cookies to analyze the traffic to the page in order to make the user experience more efficient and relevant for our customers. All information we gather is anonymous, and we only care about your interests and user habits.<\/p><h2>WHAT COOKIES DOES THIS WEBSITE USE?<\/h2><p class=\"\">We follow the GDPR requirements of full transparency about what cookies we use. In addition to storing data with regards to our \u2018select region\u2019 we use Google Analytics that you can learn more about in the paragraph below.<\/p><h3>GOOGLE ANALYTICS<\/h3><p class=\"\">On our website we collect completely anonymous information about all visitors through Google Analytics. This information cannot be traced back to you as an individual. This is something we do to see what the visitor does on our website. We can for example see what country you are surfing from, and if you use phone, tablet or computer when visiting our page. The purpose of collecting this information is to optimize the pages for you.<\/p><h2>YOUR CONSENT<\/h2><p class=\"\">Your consent applies to the following domain: millnorway.lt<\/p>\t\t\t\t\t\t\t\t<\/div>\n\t\t\t\t<\/div>\n\t\t\t\t\t<\/div>\n\t\t<\/div>\n\t\t\t\t\t<\/div>\n\t\t<\/section>\n\t\t\t\t<\/div>\n\t\t","protected":false},"excerpt":{"rendered":"<p>Cookie Policy HOMEPAGE OWNER AND CONTACT INFORMATION Mill International ASGrini N\u00e6ringspark 101361 \u00d8ster\u00e5s, NorwayPhone: +47 22 13 32 00E-mail: post@millnorway.lt WHAT IS COOKIES? Cookies are small text files that can be used by websites to make the user experience more efficient. The law says that we can store cookies on the device if it is [&hellip;]<\/p>\n","protected":false},"author":1,"featured_media":0,"parent":0,"menu_order":0,"comment_status":"closed","ping_status":"closed","template":"elementor_header_footer","meta":{"_acf_changed":false,"footnotes":""},"class_list":["post-1029","page","type-page","status-publish","hentry"],"acf":[],"_links":{"self":[{"href":"https:\/\/millnorway.lt\/en\/wp-json\/wp\/v2\/pages\/1029","targetHints":{"allow":["GET"]}}],"collection":[{"href":"https:\/\/millnorway.lt\/en\/wp-json\/wp\/v2\/pages"}],"about":[{"href":"https:\/\/millnorway.lt\/en\/wp-json\/wp\/v2\/types\/page"}],"author":[{"embeddable":true,"href":"https:\/\/millnorway.lt\/en\/wp-json\/wp\/v2\/users\/1"}],"replies":[{"embeddable":true,"href":"https:\/\/millnorway.lt\/en\/wp-json\/wp\/v2\/comments?post=1029"}],"version-history":[{"count":3,"href":"https:\/\/millnorway.lt\/en\/wp-json\/wp\/v2\/pages\/1029\/revisions"}],"predecessor-version":[{"id":3223,"href":"https:\/\/millnorway.lt\/en\/wp-json\/wp\/v2\/pages\/1029\/revisions\/3223"}],"wp:attachment":[{"href":"https:\/\/millnorway.lt\/en\/wp-json\/wp\/v2\/media?parent=1029"}],"curies":[{"name":"wp","href":"https:\/\/api.w.org\/{rel}","templated":true}]}}